{"id":1220,"date":"2013-04-27T13:19:08","date_gmt":"2013-04-27T13:19:08","guid":{"rendered":"http:\/\/de.fx-projectmanagement.com\/?page_id=1220"},"modified":"2017-03-08T11:29:42","modified_gmt":"2017-03-08T09:29:42","slug":"handelssysteme","status":"publish","type":"page","link":"https:\/\/de.fx-projectmanagement.com\/?page_id=1220","title":{"rendered":"Handelssysteme"},"content":{"rendered":"<blockquote>\n<h3>Vorteile des automatisierten Handels &#8230;<\/h3>\n<\/blockquote>\n<p>[two_third]<\/p>\n<h5>Wenn Sie mit automatisierten Handelssystemen arbeiten, ver\u00e4ndert sich Ihre Rolle als Inhaber und Akteur ins Positive. Egal welchen Background Sie haben &#8211; sie k\u00f6nnen \u00a0aus der Sicht des Beobachters Ihre Kapitalentwicklung live mitverfolgen. Das Handelskonto ist Ihres und Sie sind auch durch die\u00a0 Einlagesicherung des Brokers gesch\u00fctzt. Zudem haben Sie jederzeit die komplette Verf\u00fcgungsgewalt \u00fcber Ihr Kapital und das aufgeschaltete Handelssystem.<\/h5>\n<p>Unsere programmierten Handelssysteme handeln\u00a0 f\u00fcr Sie \u2013 automatisiert und zu jeder Tageszeit. So nutzen Sie die Marktbewegungen rund um die Uhr und auch wenn Ihr Rechner schl\u00e4ft. Die Handelsentscheidungen sendet \u00a0die Handelssoftware (Algo) auf Grundlage der Marktdaten und der vordefinierten Strategien.<\/p>\n<p>[\/two_third]<\/p>\n<p>[one_third_last]<\/p>\n<h5>Mehr erfahren &#8230;<\/h5>\n<p>Unsere Produkte:<\/p>\n<p>&#8211; <a title=\"Simple Shadow\" href=\"http:\/\/de.fx-projectmanagement.com\/?page_id=1229\">Trendsystems<\/a><br \/>\n&#8211; <a title=\"Smart Shadow\" href=\"http:\/\/de.fx-projectmanagement.com\/?page_id=1231\">Multientry Serie<\/a><br \/>\n&#8211; <a title=\"Crystal Shadow\" href=\"http:\/\/de.fx-projectmanagement.com\/?page_id=1233\">Multipair Hyperactive Serie<\/a><\/p>\n<p>[\/one_third_last]<\/p>\n","protected":false},"excerpt":{"rendered":"<p>Vorteile des automatisierten Handels &#8230; [two_third] Wenn Sie mit automatisierten Handelssystemen arbeiten, ver\u00e4ndert sich Ihre Rolle als Inhaber und Akteur ins Positive. Egal welchen Background Sie haben &#8211; sie k\u00f6nnen \u00a0aus der Sicht des Beobachters Ihre Kapitalentwicklung live mitverfolgen. Das Handelskonto ist Ihres und Sie sind auch durch die\u00a0 Einlagesicherung des Brokers gesch\u00fctzt. Zudem haben &hellip; <\/p>\n<p class=\"link-more\"><a href=\"https:\/\/de.fx-projectmanagement.com\/?page_id=1220\" class=\"more-link\"><span class=\"screen-reader-text\">\u201eHandelssysteme\u201c<\/span> weiterlesen<\/a><\/p>\n","protected":false},"author":4,"featured_media":0,"parent":0,"menu_order":120,"comment_status":"closed","ping_status":"closed","template":"","meta":[],"_links":{"self":[{"href":"https:\/\/de.fx-projectmanagement.com\/index.php?rest_route=\/wp\/v2\/pages\/1220"}],"collection":[{"href":"https:\/\/de.fx-projectmanagement.com\/index.php?rest_route=\/wp\/v2\/pages"}],"about":[{"href":"https:\/\/de.fx-projectmanagement.com\/index.php?rest_route=\/wp\/v2\/types\/page"}],"author":[{"embeddable":true,"href":"https:\/\/de.fx-projectmanagement.com\/index.php?rest_route=\/wp\/v2\/users\/4"}],"replies":[{"embeddable":true,"href":"https:\/\/de.fx-projectmanagement.com\/index.php?rest_route=%2Fwp%2Fv2%2Fcomments&post=1220"}],"version-history":[{"count":3,"href":"https:\/\/de.fx-projectmanagement.com\/index.php?rest_route=\/wp\/v2\/pages\/1220\/revisions"}],"predecessor-version":[{"id":1357,"href":"https:\/\/de.fx-projectmanagement.com\/index.php?rest_route=\/wp\/v2\/pages\/1220\/revisions\/1357"}],"wp:attachment":[{"href":"https:\/\/de.fx-projectmanagement.com\/index.php?rest_route=%2Fwp%2Fv2%2Fmedia&parent=1220"}],"curies":[{"name":"wp","href":"https:\/\/api.w.org\/{rel}","templated":true}]}}