{"id":1260,"date":"2013-05-07T20:12:08","date_gmt":"2013-05-07T18:12:08","guid":{"rendered":"http:\/\/de.fx-projectmanagement.com\/?page_id=1260"},"modified":"2021-07-22T02:46:40","modified_gmt":"2021-07-22T00:46:40","slug":"firma-2","status":"publish","type":"page","link":"https:\/\/de.fx-projectmanagement.com\/","title":{"rendered":"Firma"},"content":{"rendered":"<blockquote>\n<h3>FX &amp; Project Management GmbH ist eine nach Schweizer Recht konstituierte, beim Handelsregisteramt Fribourg eingetragene Gesellschaft mit beschr\u00e4nkter Haftung.<\/h3>\n<\/blockquote>\n<h5>In K\u00fcrze<\/h5>\n<p>FX &amp; Project Management GmbH ist eine typische Fintech Firma \u2013 sie entwickelt und vermietet automatische Handels Software \u00a0f\u00fcr die Online W\u00e4hrungsm\u00e4rkte im Auftrag und\/oder Investoren\/User\u00a0 &#8211; ungeachtet ob Institutionell oder Privat.<\/p>\n<p>Desweiteren entwickelt sie Banken\/Broker unabh\u00e4ngige Tools zur Analyse, Kontrolle und Signalverteilungsplatformen.<\/p>\n<p><a href=\"http:\/\/www.fxftgateway.com\" target=\"_blank\" rel=\"noopener\">www.fxftgateway.com<\/a><\/p>\n<h5>Eckdaten der Unternehmung<\/h5>\n<p>&#8211; Gr\u00fcndungsjahr: 2013<br \/>\n&#8211; Gesellschafter: Dr. K. Buchholzer, Dr. V. Zeithammel<br \/>\n&#8211; Gesch\u00e4ftsleitung: Rudolf Peter Str\u00f6bl<br \/>\n&#8211; Eidg. Nummer: CH-217-3551160-5<br \/>\n&#8211; Akten Nummer: 04999\/2012<\/p>\n<h5>Struktur<\/h5>\n<p>FX &amp; Project Management GmbH verf\u00fcgt auf Grund Ihrer involvierter Wissenstr\u00e4ger \u00fcber ein internationales Netzwerk an erprobten Fachkr\u00e4ften und Wissen. Dadurch ist sie in der Lage gesch\u00e4ftliche Herausforderungen im online Tradingbereich strukturell effizient und kostenschonend umzusetzen sowie zugleich hochwertige Projekt- und Softwarel\u00f6sungen anzubieten<\/p>\n","protected":false},"excerpt":{"rendered":"<p>FX &amp; Project Management GmbH ist eine nach Schweizer Recht konstituierte, beim Handelsregisteramt Fribourg eingetragene Gesellschaft mit beschr\u00e4nkter Haftung. In K\u00fcrze FX &amp; Project Management GmbH ist eine typische Fintech Firma \u2013 sie entwickelt und vermietet automatische Handels Software \u00a0f\u00fcr die Online W\u00e4hrungsm\u00e4rkte im Auftrag und\/oder Investoren\/User\u00a0 &#8211; ungeachtet ob Institutionell oder Privat. Desweiteren entwickelt &hellip; <\/p>\n<p class=\"link-more\"><a href=\"https:\/\/de.fx-projectmanagement.com\/\" class=\"more-link\"><span class=\"screen-reader-text\">\u201eFirma\u201c<\/span> weiterlesen<\/a><\/p>\n","protected":false},"author":4,"featured_media":0,"parent":0,"menu_order":108,"comment_status":"closed","ping_status":"closed","template":"","meta":[],"_links":{"self":[{"href":"https:\/\/de.fx-projectmanagement.com\/index.php?rest_route=\/wp\/v2\/pages\/1260"}],"collection":[{"href":"https:\/\/de.fx-projectmanagement.com\/index.php?rest_route=\/wp\/v2\/pages"}],"about":[{"href":"https:\/\/de.fx-projectmanagement.com\/index.php?rest_route=\/wp\/v2\/types\/page"}],"author":[{"embeddable":true,"href":"https:\/\/de.fx-projectmanagement.com\/index.php?rest_route=\/wp\/v2\/users\/4"}],"replies":[{"embeddable":true,"href":"https:\/\/de.fx-projectmanagement.com\/index.php?rest_route=%2Fwp%2Fv2%2Fcomments&post=1260"}],"version-history":[{"count":3,"href":"https:\/\/de.fx-projectmanagement.com\/index.php?rest_route=\/wp\/v2\/pages\/1260\/revisions"}],"predecessor-version":[{"id":1398,"href":"https:\/\/de.fx-projectmanagement.com\/index.php?rest_route=\/wp\/v2\/pages\/1260\/revisions\/1398"}],"wp:attachment":[{"href":"https:\/\/de.fx-projectmanagement.com\/index.php?rest_route=%2Fwp%2Fv2%2Fmedia&parent=1260"}],"curies":[{"name":"wp","href":"https:\/\/api.w.org\/{rel}","templated":true}]}}