{"id":195,"date":"2011-02-17T20:16:07","date_gmt":"2011-02-17T20:16:07","guid":{"rendered":"http:\/\/de.fx-projectmanagement.com\/?page_id=195"},"modified":"2017-03-08T15:38:12","modified_gmt":"2017-03-08T13:38:12","slug":"anfahrtsplan","status":"publish","type":"page","link":"https:\/\/de.fx-projectmanagement.com\/?page_id=195","title":{"rendered":"Anfahrtsplan"},"content":{"rendered":"<blockquote>\n<h3>Wir freuen uns stets \u00fcber Besuch.<\/h3>\n<\/blockquote>\n<p>[two_third]<\/p>\n<p>Damit wir entsprechend ausf\u00fchrlich auf Ihre Anliegen eingehen k\u00f6nnen, bitten wir Sie, sich vorg\u00e4ngig anzumelden. Besten Dank f\u00fcr Ihr Verst\u00e4ndnis.<\/p>\n<p>&nbsp;<\/p>\n<h5>Anreise via Flughafen Bern, Genf oder Z\u00fcrich<\/h5>\n<p>Nach Absprache holen wir Sie gerne ab &#8230;<\/p>\n<p>&nbsp;<\/p>\n<h5>Anreise mit dem Zug<\/h5>\n<p>Konsultieren Sie bitte den<a href=\"http:\/\/www.sbb.ch\" target=\"_blank\"> SBB Fahrplan&#8230;<\/a><\/p>\n<p>&nbsp;<\/p>\n<h5>Anreise mit dem Auto<\/h5>\n<div id=\"wpgmza_map\" class=\"wpgmza_map\" data-settings='{\"id\":\"1\",\"map_title\":\"Meine erste Karte\",\"map_width\":\"100\",\"map_height\":\"400\",\"map_start_lat\":\"46.900479\",\"map_start_lng\":\"7.228417\",\"map_start_location\":\"46.9004787,7.228416799999991\",\"map_start_zoom\":\"11\",\"default_marker\":\"0\",\"type\":\"1\",\"alignment\":\"1\",\"directions_enabled\":\"1\",\"styling_enabled\":\"0\",\"styling_json\":\"\",\"active\":\"0\",\"kml\":\"\",\"bicycle\":\"0\",\"traffic\":\"0\",\"dbox\":\"1\",\"dbox_width\":\"100\",\"listmarkers\":\"0\",\"listmarkers_advanced\":\"0\",\"filterbycat\":\"0\",\"ugm_enabled\":\"0\",\"ugm_category_enabled\":\"0\",\"fusion\":\"\",\"map_width_type\":\"\\\\%\",\"map_height_type\":\"px\",\"mass_marker_support\":\"1\",\"ugm_access\":\"0\",\"order_markers_by\":\"1\",\"order_markers_choice\":\"2\",\"show_user_location\":\"0\",\"default_to\":\"\",\"other_settings\":{\"store_locator_enabled\":2,\"store_locator_distance\":2,\"store_locator_bounce\":1,\"store_locator_query_string\":\"PLZ \\\/ Adresse:\",\"store_locator_default_address\":\"\",\"wpgmza_store_locator_restrict\":\"\",\"map_max_zoom\":\"1\",\"transport_layer\":0,\"wpgmza_theme_data\":\"\"}}' data-map-id='1' Data-maps-engine='' data-shortcode-attributes='{\"id\":\"1\"}' style=\"display:block; overflow:auto; width:100%; height:400px; float:left;\"><\/div>\n<p>&nbsp;<\/p>\n<p>[\/two_third]<\/p>\n<p>[one_third_last]<\/p>\n<h5>Anschrift<\/h5>\n<p><strong>FX &amp; Project Management GmbH<\/strong><br \/>\nIndustriestrasse 67<br \/>\n3178 B\u00f6singen<br \/>\nSchweiz<\/p>\n<p>+41 31 747 07 79<\/p>\n<p>Skype: rudolfps<\/p>\n<p>&nbsp;<\/p>\n<h5>Management<\/h5>\n<p>Rudolf P. Str\u00f6bl<br \/>\nDipl. Economist<\/p>\n<p><a href=\"http:\/\/de.fx-projectmanagement.com\/?page_id=1218\">Mehr erfahren<\/a> &#8230;<\/p>\n<p>&nbsp;<\/p>\n<p>[\/one_third_last]<\/p>\n","protected":false},"excerpt":{"rendered":"<p>Wir freuen uns stets \u00fcber Besuch. [two_third] Damit wir entsprechend ausf\u00fchrlich auf Ihre Anliegen eingehen k\u00f6nnen, bitten wir Sie, sich vorg\u00e4ngig anzumelden. Besten Dank f\u00fcr Ihr Verst\u00e4ndnis. &nbsp; Anreise via Flughafen Bern, Genf oder Z\u00fcrich Nach Absprache holen wir Sie gerne ab &#8230; &nbsp; Anreise mit dem Zug Konsultieren Sie bitte den SBB Fahrplan&#8230; &nbsp; &hellip; <\/p>\n<p class=\"link-more\"><a href=\"https:\/\/de.fx-projectmanagement.com\/?page_id=195\" class=\"more-link\"><span class=\"screen-reader-text\">\u201eAnfahrtsplan\u201c<\/span> weiterlesen<\/a><\/p>\n","protected":false},"author":4,"featured_media":0,"parent":189,"menu_order":30,"comment_status":"closed","ping_status":"closed","template":"","meta":[],"_links":{"self":[{"href":"https:\/\/de.fx-projectmanagement.com\/index.php?rest_route=\/wp\/v2\/pages\/195"}],"collection":[{"href":"https:\/\/de.fx-projectmanagement.com\/index.php?rest_route=\/wp\/v2\/pages"}],"about":[{"href":"https:\/\/de.fx-projectmanagement.com\/index.php?rest_route=\/wp\/v2\/types\/page"}],"author":[{"embeddable":true,"href":"https:\/\/de.fx-projectmanagement.com\/index.php?rest_route=\/wp\/v2\/users\/4"}],"replies":[{"embeddable":true,"href":"https:\/\/de.fx-projectmanagement.com\/index.php?rest_route=%2Fwp%2Fv2%2Fcomments&post=195"}],"version-history":[{"count":5,"href":"https:\/\/de.fx-projectmanagement.com\/index.php?rest_route=\/wp\/v2\/pages\/195\/revisions"}],"predecessor-version":[{"id":1366,"href":"https:\/\/de.fx-projectmanagement.com\/index.php?rest_route=\/wp\/v2\/pages\/195\/revisions\/1366"}],"up":[{"embeddable":true,"href":"https:\/\/de.fx-projectmanagement.com\/index.php?rest_route=\/wp\/v2\/pages\/189"}],"wp:attachment":[{"href":"https:\/\/de.fx-projectmanagement.com\/index.php?rest_route=%2Fwp%2Fv2%2Fmedia&parent=195"}],"curies":[{"name":"wp","href":"https:\/\/api.w.org\/{rel}","templated":true}]}}